{"id":2240,"date":"2018-03-27T11:02:32","date_gmt":"2018-03-27T11:02:32","guid":{"rendered":"http:\/\/hansanova.com\/?page_id=2240"},"modified":"2019-10-10T08:09:44","modified_gmt":"2019-10-10T08:09:44","slug":"eesti-ajaloomuuseum-filmimuuseum","status":"publish","type":"page","link":"https:\/\/hansanova.com\/en\/teostatud-tood\/projektid\/eesti-ajaloomuuseum-filmimuuseum\/","title":{"rendered":"Estonian History Museum, Film Museum"},"content":{"rendered":"<p>Filmimuuseum on kujunemisj\u00e4rgus muuseum, mille kogudes on ekraniseeringutes kasutatud kost\u00fc\u00fcme, rekvisiite, Eesti filmiajalugu puudutavaid fotosid, k\u00e4sikirju, dokumente, meeneid, tr\u00fckiseid ja kinotehnikat. Filmimuuseumi arhitektuuriprojekti autorid on BOA O\u00dc ja Innopolis Insenerid O\u00dc, sisearhitektuurilahenduse on loonud Ville Lausm\u00e4e. Illusioonide ekspositsiooni idee ja kujunduse autor on Liina Keevallik. &nbsp;HN Steeli poolt toodetud Filmimuuseumi&nbsp; illusioonide ruumi atraktsioonid. K\u00f5ik masinad on kuni 10 korda suurendatud koopiad. Kodulehel on toodud 7 k\u00f5ige atraktiivsemat masinat. Teostatud 2017.aastal. Pildid Arne Maasik.<\/p>\nngg_shortcode_0_placeholder\n","protected":false},"excerpt":{"rendered":"<p>Filmimuuseum on kujunemisj\u00e4rgus muuseum, mille kogudes on ekraniseeringutes kasutatud kost\u00fc\u00fcme, rekvisiite, Eesti filmiajalugu puudutavaid fotosid, k\u00e4sikirju, dokumente, meeneid, tr\u00fckiseid ja kinotehnikat. Filmimuuseumi arhitektuuriprojekti autorid on BOA O\u00dc ja Innopolis Insenerid O\u00dc, sisearhitektuurilahenduse on loonud Ville Lausm\u00e4e. Illusioonide ekspositsiooni idee ja kujunduse autor on Liina Keevallik. &nbsp;HN Steeli poolt toodetud Filmimuuseumi&nbsp; illusioonide ruumi atraktsioonid. K\u00f5ik masinad [&hellip;]<\/p>\n","protected":false},"author":1,"featured_media":2241,"parent":144,"menu_order":22,"comment_status":"closed","ping_status":"closed","template":"galerii.php","meta":{"ngg_post_thumbnail":0,"footnotes":""},"class_list":["post-2240","page","type-page","status-publish","has-post-thumbnail","hentry"],"_links":{"self":[{"href":"https:\/\/hansanova.com\/en\/wp-json\/wp\/v2\/pages\/2240","targetHints":{"allow":["GET"]}}],"collection":[{"href":"https:\/\/hansanova.com\/en\/wp-json\/wp\/v2\/pages"}],"about":[{"href":"https:\/\/hansanova.com\/en\/wp-json\/wp\/v2\/types\/page"}],"author":[{"embeddable":true,"href":"https:\/\/hansanova.com\/en\/wp-json\/wp\/v2\/users\/1"}],"replies":[{"embeddable":true,"href":"https:\/\/hansanova.com\/en\/wp-json\/wp\/v2\/comments?post=2240"}],"version-history":[{"count":3,"href":"https:\/\/hansanova.com\/en\/wp-json\/wp\/v2\/pages\/2240\/revisions"}],"predecessor-version":[{"id":2538,"href":"https:\/\/hansanova.com\/en\/wp-json\/wp\/v2\/pages\/2240\/revisions\/2538"}],"up":[{"embeddable":true,"href":"https:\/\/hansanova.com\/en\/wp-json\/wp\/v2\/pages\/144"}],"wp:featuredmedia":[{"embeddable":true,"href":"https:\/\/hansanova.com\/en\/wp-json\/wp\/v2\/media\/2241"}],"wp:attachment":[{"href":"https:\/\/hansanova.com\/en\/wp-json\/wp\/v2\/media?parent=2240"}],"curies":[{"name":"wp","href":"https:\/\/api.w.org\/{rel}","templated":true}]}}