{"id":1787,"date":"2017-01-26T12:59:06","date_gmt":"2017-01-26T12:59:06","guid":{"rendered":"http:\/\/hansanova.com\/?page_id=1787"},"modified":"2017-01-26T14:01:52","modified_gmt":"2017-01-26T14:01:52","slug":"energia-avastuskeskus","status":"publish","type":"page","link":"https:\/\/hansanova.com\/et\/teostatud-tood\/projektid\/energia-avastuskeskus\/","title":{"rendered":"Energia Avastuskeskus"},"content":{"rendered":"<p>Renoveeritud ja uuendatud keskus avati k\u00fclastajatele Tallinnas 2014.a. Arhitektuursed lahendused ning sise- ja ekspositsioonidisaini l\u00f5i KAOS Arhitektid O\u00dc. Ekspositsiooni teostasid O\u00dc Ten Twelve. HN Steeli poolt on toodetud osad n\u00e4ituste p\u00fcsieksponaadid.<\/p>\n<p>ngg_shortcode_1_placeholder<\/p>","protected":false},"excerpt":{"rendered":"<p>Renoveeritud ja uuendatud keskus avati k\u00fclastajatele Tallinnas 2014.a. Arhitektuursed lahendused ning sise- ja ekspositsioonidisaini l\u00f5i KAOS Arhitektid O\u00dc. Ekspositsiooni teostasid O\u00dc Ten Twelve. HN Steeli poolt on toodetud osad n\u00e4ituste p\u00fcsieksponaadid. &#8221; template=&#8221;\/home\/la02\/16905911\/wp-content\/plugins\/nextgen-gallery\/products\/photocrati_nextgen\/modules\/ngglegacy\/view\/gallery.php&#8221; order_by=&#8221;sortorder&#8221; order_direction=&#8221;ASC&#8221; returns=&#8221;included&#8221; maximum_entity_count=&#8221;500&#8243;]<\/p>\n","protected":false},"author":1,"featured_media":1788,"parent":144,"menu_order":33,"comment_status":"closed","ping_status":"closed","template":"galerii.php","meta":{"ngg_post_thumbnail":0,"footnotes":""},"class_list":["post-1787","page","type-page","status-publish","has-post-thumbnail","hentry"],"_links":{"self":[{"href":"https:\/\/hansanova.com\/et\/wp-json\/wp\/v2\/pages\/1787","targetHints":{"allow":["GET"]}}],"collection":[{"href":"https:\/\/hansanova.com\/et\/wp-json\/wp\/v2\/pages"}],"about":[{"href":"https:\/\/hansanova.com\/et\/wp-json\/wp\/v2\/types\/page"}],"author":[{"embeddable":true,"href":"https:\/\/hansanova.com\/et\/wp-json\/wp\/v2\/users\/1"}],"replies":[{"embeddable":true,"href":"https:\/\/hansanova.com\/et\/wp-json\/wp\/v2\/comments?post=1787"}],"version-history":[{"count":1,"href":"https:\/\/hansanova.com\/et\/wp-json\/wp\/v2\/pages\/1787\/revisions"}],"predecessor-version":[{"id":1801,"href":"https:\/\/hansanova.com\/et\/wp-json\/wp\/v2\/pages\/1787\/revisions\/1801"}],"up":[{"embeddable":true,"href":"https:\/\/hansanova.com\/et\/wp-json\/wp\/v2\/pages\/144"}],"wp:featuredmedia":[{"embeddable":true,"href":"https:\/\/hansanova.com\/et\/wp-json\/wp\/v2\/media\/1788"}],"wp:attachment":[{"href":"https:\/\/hansanova.com\/et\/wp-json\/wp\/v2\/media?parent=1787"}],"curies":[{"name":"wp","href":"https:\/\/api.w.org\/{rel}","templated":true}]}}