{"id":1802,"date":"2017-01-26T13:04:57","date_gmt":"2017-01-26T13:04:57","guid":{"rendered":"http:\/\/hansanova.com\/?page_id=1802"},"modified":"2017-01-26T14:01:37","modified_gmt":"2017-01-26T14:01:37","slug":"jaaaja-keskus","status":"publish","type":"page","link":"https:\/\/hansanova.com\/et\/teostatud-tood\/projektid\/jaaaja-keskus\/","title":{"rendered":"J\u00e4\u00e4aja keskus"},"content":{"rendered":"<p>Tartumaal, \u00c4ksil asuva teemapargi \u201eJ\u00c4\u00c4AJA KESKUS\u201c n\u00e4ituse eksponaatide teostus.. Arhitektuursed lahendused ning sise- ja ekspositsioonidisaini l\u00f5i &#8230;. Arhitektid O\u00dc. Ekspositsiooni peat\u00f6\u00f6v\u00f5tja TenTwelve O\u00dc. HN Steeli poolt on toodetud osad n\u00e4ituste p\u00fcsieksponaadid. Teostatud 2012.a.<\/p>\n<p>ngg_shortcode_1_placeholder<\/p>","protected":false},"excerpt":{"rendered":"<p>Tartumaal, \u00c4ksil asuva teemapargi \u201eJ\u00c4\u00c4AJA KESKUS\u201c n\u00e4ituse eksponaatide teostus.. Arhitektuursed lahendused ning sise- ja ekspositsioonidisaini l\u00f5i &#8230;. Arhitektid O\u00dc. Ekspositsiooni peat\u00f6\u00f6v\u00f5tja TenTwelve O\u00dc. HN Steeli poolt on toodetud osad n\u00e4ituste p\u00fcsieksponaadid. Teostatud 2012.a. &#8221; template=&#8221;\/home\/la02\/16905911\/wp-content\/plugins\/nextgen-gallery\/products\/photocrati_nextgen\/modules\/ngglegacy\/view\/gallery.php&#8221; order_by=&#8221;sortorder&#8221; order_direction=&#8221;ASC&#8221; returns=&#8221;included&#8221; maximum_entity_count=&#8221;500&#8243;]<\/p>\n","protected":false},"author":1,"featured_media":1803,"parent":144,"menu_order":32,"comment_status":"closed","ping_status":"closed","template":"galerii.php","meta":{"ngg_post_thumbnail":0,"footnotes":""},"class_list":["post-1802","page","type-page","status-publish","has-post-thumbnail","hentry"],"_links":{"self":[{"href":"https:\/\/hansanova.com\/et\/wp-json\/wp\/v2\/pages\/1802","targetHints":{"allow":["GET"]}}],"collection":[{"href":"https:\/\/hansanova.com\/et\/wp-json\/wp\/v2\/pages"}],"about":[{"href":"https:\/\/hansanova.com\/et\/wp-json\/wp\/v2\/types\/page"}],"author":[{"embeddable":true,"href":"https:\/\/hansanova.com\/et\/wp-json\/wp\/v2\/users\/1"}],"replies":[{"embeddable":true,"href":"https:\/\/hansanova.com\/et\/wp-json\/wp\/v2\/comments?post=1802"}],"version-history":[{"count":1,"href":"https:\/\/hansanova.com\/et\/wp-json\/wp\/v2\/pages\/1802\/revisions"}],"predecessor-version":[{"id":1814,"href":"https:\/\/hansanova.com\/et\/wp-json\/wp\/v2\/pages\/1802\/revisions\/1814"}],"up":[{"embeddable":true,"href":"https:\/\/hansanova.com\/et\/wp-json\/wp\/v2\/pages\/144"}],"wp:featuredmedia":[{"embeddable":true,"href":"https:\/\/hansanova.com\/et\/wp-json\/wp\/v2\/media\/1803"}],"wp:attachment":[{"href":"https:\/\/hansanova.com\/et\/wp-json\/wp\/v2\/media?parent=1802"}],"curies":[{"name":"wp","href":"https:\/\/api.w.org\/{rel}","templated":true}]}}