{"id":1876,"date":"2017-01-26T13:21:07","date_gmt":"2017-01-26T13:21:07","guid":{"rendered":"http:\/\/hansanova.com\/?page_id=1876"},"modified":"2019-10-10T08:09:51","modified_gmt":"2019-10-10T08:09:51","slug":"eesti-rahva-muuseum","status":"publish","type":"page","link":"https:\/\/hansanova.com\/et\/teostatud-tood\/projektid\/eesti-rahva-muuseum\/","title":{"rendered":"Eesti Rahva Muuseum"},"content":{"rendered":"<p>Tartus asetsev Eesti Rahva Muuseum (ERM) on etnolooglise suunaga kultuuriloomuuseum. Muuseumihoone on kavandatud DGT Architects arhitektide Lina Ghotmeh, Dan Dorell ja Tsuyoshi Tane. <strong>ERMi uut hoonet kavandanud arhitektid v\u00f5itsid mainekal French Architects Overseas (AFEXi) arhitektuuriv\u00f5istlusel peaauhinna<\/strong>. HN Steeli poolt on ERMile toodetud n\u00e4ituste p\u00fcsieksponaadid. Teostatud 2016.a.<\/p>\n<p>ngg_shortcode_1_placeholder<\/p>","protected":false},"excerpt":{"rendered":"<p>Tartus asetsev Eesti Rahva Muuseum (ERM) on etnolooglise suunaga kultuuriloomuuseum. Muuseumihoone on kavandatud DGT Architects arhitektide Lina Ghotmeh, Dan Dorell ja Tsuyoshi Tane. ERMi uut hoonet kavandanud arhitektid v\u00f5itsid mainekal French Architects Overseas (AFEXi) arhitektuuriv\u00f5istlusel peaauhinna. HN Steeli poolt on ERMile toodetud n\u00e4ituste p\u00fcsieksponaadid. Teostatud 2016.a. &#8221; template=&#8221;\/home\/la02\/16905911\/wp-content\/plugins\/nextgen-gallery\/products\/photocrati_nextgen\/modules\/ngglegacy\/view\/gallery.php&#8221; order_by=&#8221;sortorder&#8221; order_direction=&#8221;ASC&#8221; returns=&#8221;included&#8221; maximum_entity_count=&#8221;500&#8243;]<\/p>\n","protected":false},"author":1,"featured_media":1877,"parent":144,"menu_order":21,"comment_status":"closed","ping_status":"closed","template":"galerii.php","meta":{"ngg_post_thumbnail":0,"footnotes":""},"class_list":["post-1876","page","type-page","status-publish","has-post-thumbnail","hentry"],"_links":{"self":[{"href":"https:\/\/hansanova.com\/et\/wp-json\/wp\/v2\/pages\/1876","targetHints":{"allow":["GET"]}}],"collection":[{"href":"https:\/\/hansanova.com\/et\/wp-json\/wp\/v2\/pages"}],"about":[{"href":"https:\/\/hansanova.com\/et\/wp-json\/wp\/v2\/types\/page"}],"author":[{"embeddable":true,"href":"https:\/\/hansanova.com\/et\/wp-json\/wp\/v2\/users\/1"}],"replies":[{"embeddable":true,"href":"https:\/\/hansanova.com\/et\/wp-json\/wp\/v2\/comments?post=1876"}],"version-history":[{"count":1,"href":"https:\/\/hansanova.com\/et\/wp-json\/wp\/v2\/pages\/1876\/revisions"}],"predecessor-version":[{"id":1892,"href":"https:\/\/hansanova.com\/et\/wp-json\/wp\/v2\/pages\/1876\/revisions\/1892"}],"up":[{"embeddable":true,"href":"https:\/\/hansanova.com\/et\/wp-json\/wp\/v2\/pages\/144"}],"wp:featuredmedia":[{"embeddable":true,"href":"https:\/\/hansanova.com\/et\/wp-json\/wp\/v2\/media\/1877"}],"wp:attachment":[{"href":"https:\/\/hansanova.com\/et\/wp-json\/wp\/v2\/media?parent=1876"}],"curies":[{"name":"wp","href":"https:\/\/api.w.org\/{rel}","templated":true}]}}