{"id":19,"date":"2012-07-30T11:20:30","date_gmt":"2012-07-30T11:20:30","guid":{"rendered":"http:\/\/work.marketingsharks.ee\/hnsteel\/?page_id=19"},"modified":"2021-11-16T13:59:12","modified_gmt":"2021-11-16T13:59:12","slug":"firmast","status":"publish","type":"page","link":"https:\/\/hansanova.com\/et\/firmast\/","title":{"rendered":"Firmast"},"content":{"rendered":"<p><img loading=\"lazy\" decoding=\"async\" class=\"alignleft size-full wp-image-2696\" src=\"http:\/\/hansanova.com\/wp-content\/uploads\/2012\/09\/Pilt-6.jpg\" alt=\"Pilt 6\" width=\"615\" height=\"275\" srcset=\"https:\/\/hansanova.com\/wp-content\/uploads\/2012\/09\/Pilt-6.jpg 615w, https:\/\/hansanova.com\/wp-content\/uploads\/2012\/09\/Pilt-6-300x134.jpg 300w\" sizes=\"auto, (max-width: 615px) 100vw, 615px\" \/><\/p>\n<p class=\"western\"><span style=\"color: #000000;\"><i>Hansanova O\u00dc s\u00fcndis kolme ettev\u00f5tja soovist rakendada \u00fchiselt oma t\u00e4naseid kogemusi tootmise- ja tootearenduse vallas. Hansanova O\u00dc osanike \u00e4riidee on turule tulla ettev\u00f5ttega, kelle p\u00f5hitegevuseks on oma kaubam\u00e4rgi all metallist valmistatavate toodete disainimine, tootmine ja turustamine. <\/i><\/span><\/p>\n<p><\/p>","protected":false},"excerpt":{"rendered":"<p>Hansanova O\u00dc s\u00fcndis kolme ettev\u00f5tja soovist rakendada \u00fchiselt oma t\u00e4naseid kogemusi tootmise- ja tootearenduse vallas. Hansanova O\u00dc osanike \u00e4riidee on turule tulla ettev\u00f5ttega, kelle p\u00f5hitegevuseks on oma kaubam\u00e4rgi all metallist valmistatavate toodete disainimine, tootmine ja turustamine.<\/p>\n","protected":false},"author":1,"featured_media":0,"parent":0,"menu_order":1,"comment_status":"closed","ping_status":"open","template":"","meta":{"ngg_post_thumbnail":0,"footnotes":""},"class_list":["post-19","page","type-page","status-publish","hentry"],"_links":{"self":[{"href":"https:\/\/hansanova.com\/et\/wp-json\/wp\/v2\/pages\/19","targetHints":{"allow":["GET"]}}],"collection":[{"href":"https:\/\/hansanova.com\/et\/wp-json\/wp\/v2\/pages"}],"about":[{"href":"https:\/\/hansanova.com\/et\/wp-json\/wp\/v2\/types\/page"}],"author":[{"embeddable":true,"href":"https:\/\/hansanova.com\/et\/wp-json\/wp\/v2\/users\/1"}],"replies":[{"embeddable":true,"href":"https:\/\/hansanova.com\/et\/wp-json\/wp\/v2\/comments?post=19"}],"version-history":[{"count":27,"href":"https:\/\/hansanova.com\/et\/wp-json\/wp\/v2\/pages\/19\/revisions"}],"predecessor-version":[{"id":2710,"href":"https:\/\/hansanova.com\/et\/wp-json\/wp\/v2\/pages\/19\/revisions\/2710"}],"wp:attachment":[{"href":"https:\/\/hansanova.com\/et\/wp-json\/wp\/v2\/media?parent=19"}],"curies":[{"name":"wp","href":"https:\/\/api.w.org\/{rel}","templated":true}]}}