{"id":1983,"date":"2017-01-26T13:43:50","date_gmt":"2017-01-26T13:43:50","guid":{"rendered":"http:\/\/hansanova.com\/?page_id=1983"},"modified":"2017-01-26T14:03:09","modified_gmt":"2017-01-26T14:03:09","slug":"korter-berliinis","status":"publish","type":"page","link":"https:\/\/hansanova.com\/et\/teostatud-tood\/projektid\/korter-berliinis\/","title":{"rendered":"Korter Berliinis"},"content":{"rendered":"<p>Berliini kesklinnas asuva korteri sisekujunduse loomine ja m\u00f6\u00f6bli valmistamine. Arhidektuurne teostus Swiss Property. Fotode autor J\u00fcri Seljamaa ning piltide omanik Spacewise by Swiss Property. Seinte viimistlus metalliga ja m\u00f6\u00f6bli teostus HN Steel O\u00dc. Teostatud 2016.<\/p>\n<p>ngg_shortcode_1_placeholder<\/p>","protected":false},"excerpt":{"rendered":"<p>Berliini kesklinnas asuva korteri sisekujunduse loomine ja m\u00f6\u00f6bli valmistamine. Arhidektuurne teostus Swiss Property. Fotode autor J\u00fcri Seljamaa ning piltide omanik Spacewise by Swiss Property. Seinte viimistlus metalliga ja m\u00f6\u00f6bli teostus HN Steel O\u00dc. Teostatud 2016. &#8221; template=&#8221;\/home\/la02\/16905911\/wp-content\/plugins\/nextgen-gallery\/products\/photocrati_nextgen\/modules\/ngglegacy\/view\/gallery.php&#8221; order_by=&#8221;sortorder&#8221; order_direction=&#8221;ASC&#8221; returns=&#8221;included&#8221; maximum_entity_count=&#8221;500&#8243;]<\/p>\n","protected":false},"author":1,"featured_media":1984,"parent":144,"menu_order":46,"comment_status":"closed","ping_status":"closed","template":"galerii.php","meta":{"ngg_post_thumbnail":0,"footnotes":""},"class_list":["post-1983","page","type-page","status-publish","has-post-thumbnail","hentry"],"_links":{"self":[{"href":"https:\/\/hansanova.com\/et\/wp-json\/wp\/v2\/pages\/1983","targetHints":{"allow":["GET"]}}],"collection":[{"href":"https:\/\/hansanova.com\/et\/wp-json\/wp\/v2\/pages"}],"about":[{"href":"https:\/\/hansanova.com\/et\/wp-json\/wp\/v2\/types\/page"}],"author":[{"embeddable":true,"href":"https:\/\/hansanova.com\/et\/wp-json\/wp\/v2\/users\/1"}],"replies":[{"embeddable":true,"href":"https:\/\/hansanova.com\/et\/wp-json\/wp\/v2\/comments?post=1983"}],"version-history":[{"count":1,"href":"https:\/\/hansanova.com\/et\/wp-json\/wp\/v2\/pages\/1983\/revisions"}],"predecessor-version":[{"id":2006,"href":"https:\/\/hansanova.com\/et\/wp-json\/wp\/v2\/pages\/1983\/revisions\/2006"}],"up":[{"embeddable":true,"href":"https:\/\/hansanova.com\/et\/wp-json\/wp\/v2\/pages\/144"}],"wp:featuredmedia":[{"embeddable":true,"href":"https:\/\/hansanova.com\/et\/wp-json\/wp\/v2\/media\/1984"}],"wp:attachment":[{"href":"https:\/\/hansanova.com\/et\/wp-json\/wp\/v2\/media?parent=1983"}],"curies":[{"name":"wp","href":"https:\/\/api.w.org\/{rel}","templated":true}]}}