{"id":2188,"date":"2018-03-27T10:42:50","date_gmt":"2018-03-27T10:42:50","guid":{"rendered":"http:\/\/hansanova.com\/?page_id=2188"},"modified":"2018-03-27T10:49:51","modified_gmt":"2018-03-27T10:49:51","slug":"eesti-ajaloomuuseumi-valiala","status":"publish","type":"page","link":"https:\/\/hansanova.com\/et\/teostatud-tood\/projektid\/eesti-ajaloomuuseumi-valiala\/","title":{"rendered":"Eesti Ajaloomuuseumi v\u00e4liala"},"content":{"rendered":"<p>Eesti Ajaloomuuseumi Maarjam\u00e4e loss avas Eesti Vabariigi 100. s\u00fcnnip\u00e4eval uksed elamusliku ajalookeskusena. Esinduslik park seob omavahel kokku Maarjam\u00e4e lossi, Eesti Filmimuuseumi, Tallihoone,&nbsp; m\u00f5nusad puhkealad ja p\u00f5nevad v\u00e4lin\u00e4itused. HN Steeli poolt on tehtud v\u00e4lialale skulptuur \u201eFilmikaamera\u201c ja valmistatud kogu v\u00e4liala viidad!<\/p>\n<p>Skulptuur \u201eFILMIKAAMERA\u201c, autor Kalle Pruuden! Filmikaamera objektiivi sisse paigaldatud projektor filmide esitlemiseks v\u00e4lialal. K\u00f5rgus 7 m. Valmistatud Cor-Ten terasest, kaetud naturaalroostega. Teostatud 2017. Fotod Arne Maasik.<\/p>\n<p>VIIDAD. Viidad on valmistatud 3 erinvas suurustes XL (k\u00f5rgus 2,0 m), L (k\u00f5rgus 1,5 m)&nbsp; ja M (k\u00f5rgus 1,2 m). Viidad on varustatud LED valgustusega, klaaspindade all LED valguskirjad. Materjal: roostevaba teras, pulberv\u00e4rvitud. Teostus 2017. Fotod Arne Maasik.<\/p>\n<p>ngg_shortcode_1_placeholder<\/p>","protected":false},"excerpt":{"rendered":"<p>Eesti Ajaloomuuseumi Maarjam\u00e4e loss avas Eesti Vabariigi 100. s\u00fcnnip\u00e4eval uksed elamusliku ajalookeskusena. Esinduslik park seob omavahel kokku Maarjam\u00e4e lossi, Eesti Filmimuuseumi, Tallihoone,&nbsp; m\u00f5nusad puhkealad ja p\u00f5nevad v\u00e4lin\u00e4itused. HN Steeli poolt on tehtud v\u00e4lialale skulptuur \u201eFilmikaamera\u201c ja valmistatud kogu v\u00e4liala viidad! Skulptuur \u201eFILMIKAAMERA\u201c, autor Kalle Pruuden! Filmikaamera objektiivi sisse paigaldatud projektor filmide esitlemiseks v\u00e4lialal. K\u00f5rgus 7 [&hellip;]<\/p>\n","protected":false},"author":1,"featured_media":2189,"parent":144,"menu_order":28,"comment_status":"closed","ping_status":"closed","template":"galerii.php","meta":{"ngg_post_thumbnail":0,"footnotes":""},"class_list":["post-2188","page","type-page","status-publish","has-post-thumbnail","hentry"],"_links":{"self":[{"href":"https:\/\/hansanova.com\/et\/wp-json\/wp\/v2\/pages\/2188","targetHints":{"allow":["GET"]}}],"collection":[{"href":"https:\/\/hansanova.com\/et\/wp-json\/wp\/v2\/pages"}],"about":[{"href":"https:\/\/hansanova.com\/et\/wp-json\/wp\/v2\/types\/page"}],"author":[{"embeddable":true,"href":"https:\/\/hansanova.com\/et\/wp-json\/wp\/v2\/users\/1"}],"replies":[{"embeddable":true,"href":"https:\/\/hansanova.com\/et\/wp-json\/wp\/v2\/comments?post=2188"}],"version-history":[{"count":4,"href":"https:\/\/hansanova.com\/et\/wp-json\/wp\/v2\/pages\/2188\/revisions"}],"predecessor-version":[{"id":2207,"href":"https:\/\/hansanova.com\/et\/wp-json\/wp\/v2\/pages\/2188\/revisions\/2207"}],"up":[{"embeddable":true,"href":"https:\/\/hansanova.com\/et\/wp-json\/wp\/v2\/pages\/144"}],"wp:featuredmedia":[{"embeddable":true,"href":"https:\/\/hansanova.com\/et\/wp-json\/wp\/v2\/media\/2189"}],"wp:attachment":[{"href":"https:\/\/hansanova.com\/et\/wp-json\/wp\/v2\/media?parent=2188"}],"curies":[{"name":"wp","href":"https:\/\/api.w.org\/{rel}","templated":true}]}}