{"id":2208,"date":"2018-03-27T10:51:26","date_gmt":"2018-03-27T10:51:26","guid":{"rendered":"http:\/\/hansanova.com\/?page_id=2208"},"modified":"2018-04-02T08:18:24","modified_gmt":"2018-04-02T08:18:24","slug":"eesti-ajaloomuuseum-maarjamae-lossi-saalimoobel","status":"publish","type":"page","link":"https:\/\/hansanova.com\/et\/teostatud-tood\/projektid\/eesti-ajaloomuuseum-maarjamae-lossi-saalimoobel\/","title":{"rendered":"Eesti Ajaloomuuseum Maarjam\u00e4e lossi saalim\u00f6\u00f6bel"},"content":{"rendered":"<p>HN Steeli poolt Eesti Ajaloomuuseumi Maarjam\u00e4e lossi saalidesse disainitud ja toodetud saalim\u00f6\u00f6bel. M\u00f6\u00f6bel koosneb saalipinkidest ja dekoratiivvitriinist. Toodetud 2017. aastal. Pildid Arne Maasik.<\/p>\n<p>ngg_shortcode_1_placeholder<\/p>","protected":false},"excerpt":{"rendered":"<p>HN Steeli poolt Eesti Ajaloomuuseumi Maarjam\u00e4e lossi saalidesse disainitud ja toodetud saalim\u00f6\u00f6bel. M\u00f6\u00f6bel koosneb saalipinkidest ja dekoratiivvitriinist. Toodetud 2017. aastal. Pildid Arne Maasik. &#8221; template=&#8221;\/home\/la02\/16905911\/wp-content\/plugins\/nextgen-gallery\/products\/photocrati_nextgen\/modules\/ngglegacy\/view\/gallery.php&#8221; order_by=&#8221;sortorder&#8221; order_direction=&#8221;ASC&#8221; returns=&#8221;included&#8221; maximum_entity_count=&#8221;500&#8243;]<\/p>\n","protected":false},"author":1,"featured_media":2210,"parent":144,"menu_order":29,"comment_status":"closed","ping_status":"closed","template":"galerii.php","meta":{"ngg_post_thumbnail":0,"footnotes":""},"class_list":["post-2208","page","type-page","status-publish","has-post-thumbnail","hentry"],"_links":{"self":[{"href":"https:\/\/hansanova.com\/et\/wp-json\/wp\/v2\/pages\/2208","targetHints":{"allow":["GET"]}}],"collection":[{"href":"https:\/\/hansanova.com\/et\/wp-json\/wp\/v2\/pages"}],"about":[{"href":"https:\/\/hansanova.com\/et\/wp-json\/wp\/v2\/types\/page"}],"author":[{"embeddable":true,"href":"https:\/\/hansanova.com\/et\/wp-json\/wp\/v2\/users\/1"}],"replies":[{"embeddable":true,"href":"https:\/\/hansanova.com\/et\/wp-json\/wp\/v2\/comments?post=2208"}],"version-history":[{"count":3,"href":"https:\/\/hansanova.com\/et\/wp-json\/wp\/v2\/pages\/2208\/revisions"}],"predecessor-version":[{"id":2315,"href":"https:\/\/hansanova.com\/et\/wp-json\/wp\/v2\/pages\/2208\/revisions\/2315"}],"up":[{"embeddable":true,"href":"https:\/\/hansanova.com\/et\/wp-json\/wp\/v2\/pages\/144"}],"wp:featuredmedia":[{"embeddable":true,"href":"https:\/\/hansanova.com\/et\/wp-json\/wp\/v2\/media\/2210"}],"wp:attachment":[{"href":"https:\/\/hansanova.com\/et\/wp-json\/wp\/v2\/media?parent=2208"}],"curies":[{"name":"wp","href":"https:\/\/api.w.org\/{rel}","templated":true}]}}