{"id":2222,"date":"2018-03-27T10:57:52","date_gmt":"2018-03-27T10:57:52","guid":{"rendered":"http:\/\/hansanova.com\/?page_id=2222"},"modified":"2018-04-02T08:17:35","modified_gmt":"2018-04-02T08:17:35","slug":"eesti-meremuuseum-lennusadam","status":"publish","type":"page","link":"https:\/\/hansanova.com\/et\/teostatud-tood\/projektid\/eesti-meremuuseum-lennusadam\/","title":{"rendered":"Eesti Meremuuseum, Lennusadam"},"content":{"rendered":"<p>Tallinnas, Eesti Meremuuseumi Lennusadama vesilennukite angaaris n\u00e4ituse \u201e100 AASTAT KIILU ALL. EESTI LUGU LAEVADES 1918-2018\u201c eksponaatide teostus. Arhitektuursed lahendused ning ekspositsioonidisain on loodud sisearhitektuuri ja disaini b\u00fcroo Ruumilabor O\u00dc poolt, autorid&nbsp; Janno Roos ja Andres Labi.&nbsp; HN Steeli poolt on toodetud n\u00e4ituse eksponaadid \u2013 7 laeva maketti. Teostatud 2018. Fotod Erlend Staub.<\/p>\n<p>ngg_shortcode_1_placeholder<\/p>","protected":false},"excerpt":{"rendered":"<p>Tallinnas, Eesti Meremuuseumi Lennusadama vesilennukite angaaris n\u00e4ituse \u201e100 AASTAT KIILU ALL. EESTI LUGU LAEVADES 1918-2018\u201c eksponaatide teostus. Arhitektuursed lahendused ning ekspositsioonidisain on loodud sisearhitektuuri ja disaini b\u00fcroo Ruumilabor O\u00dc poolt, autorid&nbsp; Janno Roos ja Andres Labi.&nbsp; HN Steeli poolt on toodetud n\u00e4ituse eksponaadid \u2013 7 laeva maketti. Teostatud 2018. Fotod Erlend Staub. &#8221; template=&#8221;\/home\/la02\/16905911\/wp-content\/plugins\/nextgen-gallery\/products\/photocrati_nextgen\/modules\/ngglegacy\/view\/gallery.php&#8221; order_by=&#8221;sortorder&#8221; [&hellip;]<\/p>\n","protected":false},"author":1,"featured_media":2224,"parent":144,"menu_order":30,"comment_status":"closed","ping_status":"closed","template":"galerii.php","meta":{"ngg_post_thumbnail":0,"footnotes":""},"class_list":["post-2222","page","type-page","status-publish","has-post-thumbnail","hentry"],"_links":{"self":[{"href":"https:\/\/hansanova.com\/et\/wp-json\/wp\/v2\/pages\/2222","targetHints":{"allow":["GET"]}}],"collection":[{"href":"https:\/\/hansanova.com\/et\/wp-json\/wp\/v2\/pages"}],"about":[{"href":"https:\/\/hansanova.com\/et\/wp-json\/wp\/v2\/types\/page"}],"author":[{"embeddable":true,"href":"https:\/\/hansanova.com\/et\/wp-json\/wp\/v2\/users\/1"}],"replies":[{"embeddable":true,"href":"https:\/\/hansanova.com\/et\/wp-json\/wp\/v2\/comments?post=2222"}],"version-history":[{"count":2,"href":"https:\/\/hansanova.com\/et\/wp-json\/wp\/v2\/pages\/2222\/revisions"}],"predecessor-version":[{"id":2314,"href":"https:\/\/hansanova.com\/et\/wp-json\/wp\/v2\/pages\/2222\/revisions\/2314"}],"up":[{"embeddable":true,"href":"https:\/\/hansanova.com\/et\/wp-json\/wp\/v2\/pages\/144"}],"wp:featuredmedia":[{"embeddable":true,"href":"https:\/\/hansanova.com\/et\/wp-json\/wp\/v2\/media\/2224"}],"wp:attachment":[{"href":"https:\/\/hansanova.com\/et\/wp-json\/wp\/v2\/media?parent=2222"}],"curies":[{"name":"wp","href":"https:\/\/api.w.org\/{rel}","templated":true}]}}