{"id":2381,"date":"2019-03-19T08:11:56","date_gmt":"2019-03-19T08:11:56","guid":{"rendered":"http:\/\/hansanova.com\/?page_id=2381"},"modified":"2019-03-20T10:39:01","modified_gmt":"2019-03-20T10:39:01","slug":"restoran-harg","status":"publish","type":"page","link":"https:\/\/hansanova.com\/et\/teostatud-tood\/projektid\/restoran-harg\/","title":{"rendered":"Restoran H\u00c4RG"},"content":{"rendered":"<p>Restorani &#8220;H\u00c4RG&#8221; disainm\u00f6\u00f6bel. Sisearhitektuurse projekti autor on Ace of Space\u2019i sisearhitekt Ines Haak ja disainer Aap Piho. HN Steel poolt on toodetud \u00fcmarlauad ja neljakandilised lauad ning baarilett. Materjal punane vask. Projekt valminud 2018.<\/p>\n<p>ngg_shortcode_1_placeholder<\/p>","protected":false},"excerpt":{"rendered":"<p>Restorani &#8220;H\u00c4RG&#8221; disainm\u00f6\u00f6bel. Sisearhitektuurse projekti autor on Ace of Space\u2019i sisearhitekt Ines Haak ja disainer Aap Piho. HN Steel poolt on toodetud \u00fcmarlauad ja neljakandilised lauad ning baarilett. Materjal punane vask. Projekt valminud 2018. &#8221; template=&#8221;\/home\/la02\/16905911\/wp-content\/plugins\/nextgen-gallery\/products\/photocrati_nextgen\/modules\/ngglegacy\/view\/gallery.php&#8221; order_by=&#8221;sortorder&#8221; order_direction=&#8221;ASC&#8221; returns=&#8221;included&#8221; maximum_entity_count=&#8221;500&#8243;]<\/p>\n","protected":false},"author":1,"featured_media":2382,"parent":144,"menu_order":26,"comment_status":"closed","ping_status":"closed","template":"galerii.php","meta":{"ngg_post_thumbnail":0,"footnotes":""},"class_list":["post-2381","page","type-page","status-publish","has-post-thumbnail","hentry"],"_links":{"self":[{"href":"https:\/\/hansanova.com\/et\/wp-json\/wp\/v2\/pages\/2381","targetHints":{"allow":["GET"]}}],"collection":[{"href":"https:\/\/hansanova.com\/et\/wp-json\/wp\/v2\/pages"}],"about":[{"href":"https:\/\/hansanova.com\/et\/wp-json\/wp\/v2\/types\/page"}],"author":[{"embeddable":true,"href":"https:\/\/hansanova.com\/et\/wp-json\/wp\/v2\/users\/1"}],"replies":[{"embeddable":true,"href":"https:\/\/hansanova.com\/et\/wp-json\/wp\/v2\/comments?post=2381"}],"version-history":[{"count":3,"href":"https:\/\/hansanova.com\/et\/wp-json\/wp\/v2\/pages\/2381\/revisions"}],"predecessor-version":[{"id":2460,"href":"https:\/\/hansanova.com\/et\/wp-json\/wp\/v2\/pages\/2381\/revisions\/2460"}],"up":[{"embeddable":true,"href":"https:\/\/hansanova.com\/et\/wp-json\/wp\/v2\/pages\/144"}],"wp:featuredmedia":[{"embeddable":true,"href":"https:\/\/hansanova.com\/et\/wp-json\/wp\/v2\/media\/2382"}],"wp:attachment":[{"href":"https:\/\/hansanova.com\/et\/wp-json\/wp\/v2\/media?parent=2381"}],"curies":[{"name":"wp","href":"https:\/\/api.w.org\/{rel}","templated":true}]}}