{"id":2548,"date":"2019-10-10T08:02:05","date_gmt":"2019-10-10T08:02:05","guid":{"rendered":"http:\/\/hansanova.com\/?page_id=2548"},"modified":"2019-10-10T08:10:02","modified_gmt":"2019-10-10T08:10:02","slug":"haapsalu-linnus","status":"publish","type":"page","link":"https:\/\/hansanova.com\/et\/teostatud-tood\/projektid\/haapsalu-linnus\/","title":{"rendered":"Haapsalu Linnus"},"content":{"rendered":"<p>Haapsalu Piiskopilinnus on Haapsalu kesklinnas asuv linnus. Linnus oli kindlusena kasutusel 13.\u201317. sajandini.<\/p>\n<p>Muuseumi arhitektuurse lahenduse t\u00f6\u00f6tas v\u00e4lja b\u00fcroo KAOS Arhitektid. HN Steel disainis ja tootis mitmed erinevad ekspositsioonid ja HN Steel oli projekti peat\u00f6\u00f6ettev\u00f5tja. Teostus HN Steel 2019.a.<\/p>\n<p>ngg_shortcode_1_placeholder<\/p>","protected":false},"excerpt":{"rendered":"<p>Haapsalu Piiskopilinnus on Haapsalu kesklinnas asuv linnus. Linnus oli kindlusena kasutusel 13.\u201317. sajandini. Muuseumi arhitektuurse lahenduse t\u00f6\u00f6tas v\u00e4lja b\u00fcroo KAOS Arhitektid. HN Steel disainis ja tootis mitmed erinevad ekspositsioonid ja HN Steel oli projekti peat\u00f6\u00f6ettev\u00f5tja. Teostus HN Steel 2019.a. &#8221; template=&#8221;\/home\/la02\/16905911\/wp-content\/plugins\/nextgen-gallery\/products\/photocrati_nextgen\/modules\/ngglegacy\/view\/gallery.php&#8221; order_by=&#8221;sortorder&#8221; order_direction=&#8221;ASC&#8221; returns=&#8221;included&#8221; maximum_entity_count=&#8221;500&#8243;]<\/p>\n","protected":false},"author":1,"featured_media":2549,"parent":144,"menu_order":20,"comment_status":"closed","ping_status":"closed","template":"galerii.php","meta":{"ngg_post_thumbnail":0,"footnotes":""},"class_list":["post-2548","page","type-page","status-publish","has-post-thumbnail","hentry"],"_links":{"self":[{"href":"https:\/\/hansanova.com\/et\/wp-json\/wp\/v2\/pages\/2548","targetHints":{"allow":["GET"]}}],"collection":[{"href":"https:\/\/hansanova.com\/et\/wp-json\/wp\/v2\/pages"}],"about":[{"href":"https:\/\/hansanova.com\/et\/wp-json\/wp\/v2\/types\/page"}],"author":[{"embeddable":true,"href":"https:\/\/hansanova.com\/et\/wp-json\/wp\/v2\/users\/1"}],"replies":[{"embeddable":true,"href":"https:\/\/hansanova.com\/et\/wp-json\/wp\/v2\/comments?post=2548"}],"version-history":[{"count":2,"href":"https:\/\/hansanova.com\/et\/wp-json\/wp\/v2\/pages\/2548\/revisions"}],"predecessor-version":[{"id":2565,"href":"https:\/\/hansanova.com\/et\/wp-json\/wp\/v2\/pages\/2548\/revisions\/2565"}],"up":[{"embeddable":true,"href":"https:\/\/hansanova.com\/et\/wp-json\/wp\/v2\/pages\/144"}],"wp:featuredmedia":[{"embeddable":true,"href":"https:\/\/hansanova.com\/et\/wp-json\/wp\/v2\/media\/2549"}],"wp:attachment":[{"href":"https:\/\/hansanova.com\/et\/wp-json\/wp\/v2\/media?parent=2548"}],"curies":[{"name":"wp","href":"https:\/\/api.w.org\/{rel}","templated":true}]}}