{"id":2585,"date":"2019-10-10T08:37:23","date_gmt":"2019-10-10T08:37:23","guid":{"rendered":"http:\/\/hansanova.com\/?page_id=2585"},"modified":"2019-10-15T08:03:57","modified_gmt":"2019-10-15T08:03:57","slug":"valgusdekoratsioonid","status":"publish","type":"page","link":"https:\/\/hansanova.com\/et\/valgusdekoratsioonid\/","title":{"rendered":"Valgusdekoratsioonid"},"content":{"rendered":"<p><\/p>\n<h1>VALGUSDEKORATSIOONID<\/h1>\n<table style=\"width: 100%; height: auto;\" border=\"0\">\n<tbody>\n<tr>\n<td>\n<p><div id=\"attachment_2615\" style=\"width: 260px\" class=\"wp-caption alignleft\"><a href=\"http:\/\/hansanova.com\/valgusdekoratsioonid\/erilahendustega-projektid\/\"><img loading=\"lazy\" decoding=\"async\" aria-describedby=\"caption-attachment-2615\" class=\"size-full wp-image-2615\" title=\"Erilahendustega projektid\" src=\"http:\/\/hansanova.com\/wp-content\/uploads\/2019\/10\/Valgusdekoratsioonid_Light-decorations-resized.jpg\" alt=\"Valgusdekoratsioonid \/ Light decorations\" width=\"250\" height=\"167\" style=\"border: 1px solid #891f1f; margin-bottom: 15px;\"><\/a><p id=\"caption-attachment-2615\" class=\"wp-caption-text\">Erilahendustega projektid<\/p><\/div><\/td>\n<td>\n<p><div id=\"attachment_2616\" style=\"width: 260px\" class=\"wp-caption alignleft\"><a href=\"http:\/\/hansanova.com\/valgusdekoratsioonid\/3d-valgusskulptuurid\/\"><img loading=\"lazy\" decoding=\"async\" aria-describedby=\"caption-attachment-2616\" class=\"size-full wp-image-2616\" title=\"3D valgusskulptuurid\" src=\"http:\/\/hansanova.com\/wp-content\/uploads\/2019\/10\/3D-valgusskulptuurid_-3D-light-sculptures-resized.jpg\" alt=\"3D valgusskulptuurid \/ 3D light sculptures\" width=\"250\" height=\"167\" style=\"border: 1px solid #891f1f; margin-bottom: 15px;\"><\/a><p id=\"caption-attachment-2616\" class=\"wp-caption-text\">3D valgusskulptuurid<\/p><\/div><\/td>\n<\/tr>\n<\/tbody>\n<\/table>\n<table style=\"width: 100%;\" border=\"0\" align=\"left\">\n<tbody>\n<tr style=\"height: 10px;\">\n<td class=\"kast\" style=\"width: 50%; height: 140px;\">\n<h5 style=\"text-align: justify;\">HN Steel disainib ja toodab interj\u00f6\u00f6riprojektide valgusdekoratsioonide erilahendusi vastavalt kliendi soovidele. Olgu tegu avaliku ruumi, kaubanduskeskuse, b\u00fcroomajaga v\u00f5i kauplusega \u2013 meie toodame teile sobiva valgusinterj\u00f6\u00f6ri lahenduse kas aastaringseks kasutamaiseks v\u00f5i  konkreetselt J\u00f5uludeks<\/h5>\n<\/td>\n<td class=\"kast\" style=\"width: 252px; height: 122px;\">\n<h5 style=\"text-align: justify;\">J\u00f5uluskulptuurid &#8211; HN Steel arendab aastatel 2019-2020 kokku seitse uut tootesarja 3D J\u00f5uluskulptuuridega. Protot\u00fc\u00fcpide valmimise j\u00e4rel lisatakse fotod vaatamiseks ka kodulehele. Lisaks 3D klassikalistele loomaskulptuuridele toodame ka erinevaid, atraktiivseid 3D vorme nagu inimfiguurid, spordivahendid, puud jne<\/h5>\n<\/td>\n<\/tr>\n<\/tbody>\n<\/table>\n<table style=\"width: 100%;\" border=\"0\" align=\"left\">\n<tbody>\n<tr>\n<td style=\"text-align: right;\">\n<h6><a href=\"http:\/\/hansanova.com\/valgusdekoratsioonid\/erilahendustega-projektid\/\">&nbsp;vaata edasi&#8230;<\/a><\/h6>\n<\/td>\n<td style=\"text-align: right; width: 50%;\">\n<h6><a href=\"http:\/\/hansanova.com\/valgusdekoratsioonid\/3d-valgusskulptuurid\/\">vaata edasi&#8230;<\/a><\/h6>\n<\/td>\n<\/tr>\n<\/tbody>\n<\/table>\n<p><\/p>","protected":false},"excerpt":{"rendered":"<p>VALGUSDEKORATSIOONID HN Steel disainib ja toodab interj\u00f6\u00f6riprojektide valgusdekoratsioonide erilahendusi vastavalt kliendi soovidele. Olgu tegu avaliku ruumi, kaubanduskeskuse, b\u00fcroomajaga v\u00f5i kauplusega \u2013 meie toodame teile sobiva valgusinterj\u00f6\u00f6ri lahenduse kas aastaringseks kasutamaiseks v\u00f5i konkreetselt J\u00f5uludeks J\u00f5uluskulptuurid &#8211; HN Steel arendab aastatel 2019-2020 kokku seitse uut tootesarja 3D J\u00f5uluskulptuuridega. Protot\u00fc\u00fcpide valmimise j\u00e4rel lisatakse fotod vaatamiseks ka kodulehele. Lisaks [&hellip;]<\/p>\n","protected":false},"author":1,"featured_media":0,"parent":0,"menu_order":0,"comment_status":"closed","ping_status":"closed","template":"","meta":{"ngg_post_thumbnail":0,"footnotes":""},"class_list":["post-2585","page","type-page","status-publish","hentry"],"_links":{"self":[{"href":"https:\/\/hansanova.com\/et\/wp-json\/wp\/v2\/pages\/2585","targetHints":{"allow":["GET"]}}],"collection":[{"href":"https:\/\/hansanova.com\/et\/wp-json\/wp\/v2\/pages"}],"about":[{"href":"https:\/\/hansanova.com\/et\/wp-json\/wp\/v2\/types\/page"}],"author":[{"embeddable":true,"href":"https:\/\/hansanova.com\/et\/wp-json\/wp\/v2\/users\/1"}],"replies":[{"embeddable":true,"href":"https:\/\/hansanova.com\/et\/wp-json\/wp\/v2\/comments?post=2585"}],"version-history":[{"count":8,"href":"https:\/\/hansanova.com\/et\/wp-json\/wp\/v2\/pages\/2585\/revisions"}],"predecessor-version":[{"id":2619,"href":"https:\/\/hansanova.com\/et\/wp-json\/wp\/v2\/pages\/2585\/revisions\/2619"}],"wp:attachment":[{"href":"https:\/\/hansanova.com\/et\/wp-json\/wp\/v2\/media?parent=2585"}],"curies":[{"name":"wp","href":"https:\/\/api.w.org\/{rel}","templated":true}]}}