{"id":2589,"date":"2019-10-10T08:43:17","date_gmt":"2019-10-10T08:43:17","guid":{"rendered":"http:\/\/hansanova.com\/?page_id=2589"},"modified":"2019-10-15T07:30:46","modified_gmt":"2019-10-15T07:30:46","slug":"erilahendustega-projektid","status":"publish","type":"page","link":"https:\/\/hansanova.com\/et\/valgusdekoratsioonid\/erilahendustega-projektid\/","title":{"rendered":"Erilahendustega projektid"},"content":{"rendered":"<p>HN Steel disainib ja toodab interj\u00f6\u00f6riprojektide valgusdekoratsioonide erilahendusi vastavalt kliendi soovidele. Olgu tegu avaliku ruumi, kaubanduskeskuse, b\u00fcroomajaga v\u00f5i kauplusega \u2013 meie toodame teile sobiva valgusinterj\u00f6\u00f6ri lahenduse kas aastaringseks kasutamiseks v\u00f5i konkreetselt J\u00f5uludeks<br \/>\nngg_shortcode_1_placeholder<\/p>","protected":false},"excerpt":{"rendered":"<p>HN Steel disainib ja toodab interj\u00f6\u00f6riprojektide valgusdekoratsioonide erilahendusi vastavalt kliendi soovidele. Olgu tegu avaliku ruumi, kaubanduskeskuse, b\u00fcroomajaga v\u00f5i kauplusega \u2013 meie toodame teile sobiva valgusinterj\u00f6\u00f6ri lahenduse kas aastaringseks kasutamiseks v\u00f5i konkreetselt J\u00f5uludeks<\/p>\n","protected":false},"author":1,"featured_media":0,"parent":2585,"menu_order":0,"comment_status":"closed","ping_status":"closed","template":"galerii.php","meta":{"ngg_post_thumbnail":0,"footnotes":""},"class_list":["post-2589","page","type-page","status-publish","hentry"],"_links":{"self":[{"href":"https:\/\/hansanova.com\/et\/wp-json\/wp\/v2\/pages\/2589","targetHints":{"allow":["GET"]}}],"collection":[{"href":"https:\/\/hansanova.com\/et\/wp-json\/wp\/v2\/pages"}],"about":[{"href":"https:\/\/hansanova.com\/et\/wp-json\/wp\/v2\/types\/page"}],"author":[{"embeddable":true,"href":"https:\/\/hansanova.com\/et\/wp-json\/wp\/v2\/users\/1"}],"replies":[{"embeddable":true,"href":"https:\/\/hansanova.com\/et\/wp-json\/wp\/v2\/comments?post=2589"}],"version-history":[{"count":8,"href":"https:\/\/hansanova.com\/et\/wp-json\/wp\/v2\/pages\/2589\/revisions"}],"predecessor-version":[{"id":2612,"href":"https:\/\/hansanova.com\/et\/wp-json\/wp\/v2\/pages\/2589\/revisions\/2612"}],"up":[{"embeddable":true,"href":"https:\/\/hansanova.com\/et\/wp-json\/wp\/v2\/pages\/2585"}],"wp:attachment":[{"href":"https:\/\/hansanova.com\/et\/wp-json\/wp\/v2\/media?parent=2589"}],"curies":[{"name":"wp","href":"https:\/\/api.w.org\/{rel}","templated":true}]}}