{"id":2591,"date":"2019-10-10T08:44:59","date_gmt":"2019-10-10T08:44:59","guid":{"rendered":"http:\/\/hansanova.com\/?page_id=2591"},"modified":"2019-10-15T08:19:09","modified_gmt":"2019-10-15T08:19:09","slug":"3d-valgusskulptuurid","status":"publish","type":"page","link":"https:\/\/hansanova.com\/et\/valgusdekoratsioonid\/3d-valgusskulptuurid\/","title":{"rendered":"3D valgusskulptuurid"},"content":{"rendered":"<p>J\u00f5uluskulptuurid &#8211; HN Steel arendab aastatel 2019-2020 kokku seitse uut tootesarja 3D J\u00f5uluskulptuuridega. Protot\u00fc\u00fcpide valmimise j\u00e4rel lisatakse fotod vaatamiseks ka kodulehele. Lisaks 3D klassikalistele loomaskulptuuridele toodame ka erinevaid, atraktiivseid 3D vorme nagu inimfiguurid, spordivahendid, puud jne<br \/>\nngg_shortcode_2_placeholder<br \/>\nngg_shortcode_3_placeholder<br \/>\n<\/p>","protected":false},"excerpt":{"rendered":"<p>J\u00f5uluskulptuurid &#8211; HN Steel arendab aastatel 2019-2020 kokku seitse uut tootesarja 3D J\u00f5uluskulptuuridega. Protot\u00fc\u00fcpide valmimise j\u00e4rel lisatakse fotod vaatamiseks ka kodulehele. Lisaks 3D klassikalistele loomaskulptuuridele toodame ka erinevaid, atraktiivseid 3D vorme nagu inimfiguurid, spordivahendid, puud jne<\/p>\n","protected":false},"author":1,"featured_media":0,"parent":2585,"menu_order":0,"comment_status":"closed","ping_status":"closed","template":"galerii.php","meta":{"ngg_post_thumbnail":0,"footnotes":""},"class_list":["post-2591","page","type-page","status-publish","hentry"],"_links":{"self":[{"href":"https:\/\/hansanova.com\/et\/wp-json\/wp\/v2\/pages\/2591","targetHints":{"allow":["GET"]}}],"collection":[{"href":"https:\/\/hansanova.com\/et\/wp-json\/wp\/v2\/pages"}],"about":[{"href":"https:\/\/hansanova.com\/et\/wp-json\/wp\/v2\/types\/page"}],"author":[{"embeddable":true,"href":"https:\/\/hansanova.com\/et\/wp-json\/wp\/v2\/users\/1"}],"replies":[{"embeddable":true,"href":"https:\/\/hansanova.com\/et\/wp-json\/wp\/v2\/comments?post=2591"}],"version-history":[{"count":3,"href":"https:\/\/hansanova.com\/et\/wp-json\/wp\/v2\/pages\/2591\/revisions"}],"predecessor-version":[{"id":2639,"href":"https:\/\/hansanova.com\/et\/wp-json\/wp\/v2\/pages\/2591\/revisions\/2639"}],"up":[{"embeddable":true,"href":"https:\/\/hansanova.com\/et\/wp-json\/wp\/v2\/pages\/2585"}],"wp:attachment":[{"href":"https:\/\/hansanova.com\/et\/wp-json\/wp\/v2\/media?parent=2591"}],"curies":[{"name":"wp","href":"https:\/\/api.w.org\/{rel}","templated":true}]}}