{"id":2596,"date":"2019-10-10T13:26:31","date_gmt":"2019-10-10T13:26:31","guid":{"rendered":"http:\/\/hansanova.com\/?page_id=2596"},"modified":"2019-10-11T08:01:08","modified_gmt":"2019-10-11T08:01:08","slug":"teavitus","status":"publish","type":"page","link":"https:\/\/hansanova.com\/et\/teavitus\/","title":{"rendered":"Teavitus"},"content":{"rendered":"<p><\/p>\n<h1>Teavitus<\/h1>\n<p>HN Steel O\u00dc osaleb EAS ettev\u00f5tte arenguprogrammis<\/p>\n<p>Projekti number ja nimetus: EU53491, HN Steel O\u00dc \u201eProtsesside arendamine ja tootearendus 2019-2020\u201c, arenguplaani I etapp. Projekti toetatakse Euroopa Regionaalarengu Fondist.<\/p>\n<p>Eesm\u00e4giks on digitaliseerida HN Steeli \u00e4riprotsessid, v\u00f5tta kasutusele 3D riist- ja tarkvara ning koolitada v\u00e4lja vastav spetsialist. Eesm\u00e4rgiks on disainida ja turule tuua 7 uut tooteseeriat, tutvustada uusi tooteid v\u00e4hemalt kahel messil ning suurendada l\u00e4bi uute toodete m\u00fc\u00fcgik\u00e4ivet, seejuures omatoodete osakaalu m\u00fc\u00fcgik\u00e4ibes seniselt 5%-lt 25-30%-ni.<br \/>\nProjekti tulemusena arendab ettev\u00f5te protsesse sh digitaliseerib ettev\u00f5tte enda \u00e4riprotsesse, arendab v\u00e4lja uued k\u00f5rge lisandv\u00e4\u00e4rtusega tootesarjad ning tutvustab turule enda uusi 3D skulptuure ja 3D valgusskulptuure.<br \/>\nToetuse summa: 171 787,50 EUR<\/p>","protected":false},"excerpt":{"rendered":"<p>Teavitus HN Steel O\u00dc osaleb EAS ettev\u00f5tte arenguprogrammis Projekti number ja nimetus: EU53491, HN Steel O\u00dc \u201eProtsesside arendamine ja tootearendus 2019-2020\u201c, arenguplaani I etapp. Projekti toetatakse Euroopa Regionaalarengu Fondist. Eesm\u00e4giks on digitaliseerida HN Steeli \u00e4riprotsessid, v\u00f5tta kasutusele 3D riist- ja tarkvara ning koolitada v\u00e4lja vastav spetsialist. Eesm\u00e4rgiks on disainida ja turule tuua 7 uut tooteseeriat, [&hellip;]<\/p>\n","protected":false},"author":1,"featured_media":0,"parent":0,"menu_order":0,"comment_status":"closed","ping_status":"closed","template":"","meta":{"ngg_post_thumbnail":0,"footnotes":""},"class_list":["post-2596","page","type-page","status-publish","hentry"],"_links":{"self":[{"href":"https:\/\/hansanova.com\/et\/wp-json\/wp\/v2\/pages\/2596","targetHints":{"allow":["GET"]}}],"collection":[{"href":"https:\/\/hansanova.com\/et\/wp-json\/wp\/v2\/pages"}],"about":[{"href":"https:\/\/hansanova.com\/et\/wp-json\/wp\/v2\/types\/page"}],"author":[{"embeddable":true,"href":"https:\/\/hansanova.com\/et\/wp-json\/wp\/v2\/users\/1"}],"replies":[{"embeddable":true,"href":"https:\/\/hansanova.com\/et\/wp-json\/wp\/v2\/comments?post=2596"}],"version-history":[{"count":3,"href":"https:\/\/hansanova.com\/et\/wp-json\/wp\/v2\/pages\/2596\/revisions"}],"predecessor-version":[{"id":2599,"href":"https:\/\/hansanova.com\/et\/wp-json\/wp\/v2\/pages\/2596\/revisions\/2599"}],"wp:attachment":[{"href":"https:\/\/hansanova.com\/et\/wp-json\/wp\/v2\/media?parent=2596"}],"curies":[{"name":"wp","href":"https:\/\/api.w.org\/{rel}","templated":true}]}}