{"id":81,"date":"2012-08-01T11:42:37","date_gmt":"2012-08-01T11:42:37","guid":{"rendered":"http:\/\/work.marketingsharks.ee\/hnsteel\/?page_id=81"},"modified":"2014-12-22T11:33:17","modified_gmt":"2014-12-22T11:33:17","slug":"tooted","status":"publish","type":"page","link":"https:\/\/hansanova.com\/et\/tooted\/","title":{"rendered":"Tooted"},"content":{"rendered":"<p><\/p>\n<h1>TOOTED<\/h1>\n<table class=\"alignleft\" style=\"width: 100%;\" border=\"0\" align=\"left\">\n<tbody>\n<tr>\n<td>\n<p><div id=\"attachment_335\" style=\"width: 260px\" class=\"wp-caption alignleft\"><a href=\"http:\/\/hansanova.com\/?wpsc_product_category=ekslusiivtooted&#038;lang=et\"><img loading=\"lazy\" decoding=\"async\" aria-describedby=\"caption-attachment-335\" class=\"aligncenter size-full wp-image-705\" title=\"eksklusiivtooted\" src=\"http:\/\/hansanova.ee\/wp-content\/uploads\/2012\/08\/eksklusiivtooted1.jpg\" alt=\"\" width=\"250\" height=\"150\" \/><\/a><p id=\"caption-attachment-335\" class=\"wp-caption-text\">Eksklusiivtooted<\/p><\/div><\/td>\n<td>\n<p><div id=\"attachment_335\" style=\"width: 260px\" class=\"wp-caption alignleft\"><a href=\"http:\/\/hansanova.com\/?page_id=83&#038;lang=et\"><img loading=\"lazy\" decoding=\"async\" aria-describedby=\"caption-attachment-335\" class=\"aligncenter size-full wp-image-987\" title=\"tooted - seeriatooted\" src=\"http:\/\/hansanova.ee\/wp-content\/uploads\/2012\/08\/tooted-seeriatooted.jpg\" alt=\"\" width=\"250\" height=\"150\" \/><\/a><p id=\"caption-attachment-335\" class=\"wp-caption-text\">Seeriatooted<\/p><\/div><\/td>\n<\/tr>\n<\/tbody>\n<\/table>\n<table style=\"width: 100%;\" border=\"0\" align=\"left\">\n<tbody>\n<tr style=\"height: 10px;\">\n<td class=\"tooted\" style=\"width: 252px; height: 150px;\">\n<h5 style=\"text-align: justify;\">Kunstilise v\u00e4\u00e4rtusega metallm\u00f6\u00f6bel. Klientidele, kes soovivad saada ainulaadseid, tunnetava kunstiv\u00e4\u00e4rtusega metalltooteid. Valmistatakse v\u00e4ikeseeriatena.<\/h5>\n<\/td>\n<td class=\"tooted\" style=\"width: 50%; height: 150px;\">\n<h5 style=\"text-align: justify;\">Disainitud k\u00f5rge tarbimisv\u00e4\u00e4rtusega tooted, mis on viidud seeriatootmisse, kasutades eestimaiseid mass-tootjaid.<\/h5>\n<\/td>\n<\/tr>\n<\/tbody>\n<\/table>\n<table style=\"width: 100%;\" border=\"0\" align=\"left\">\n<tbody>\n<tr>\n<td style=\"text-align: right; width: 50%;\">\n<h6><a href=\"http:\/\/hansanova.com\/?product-type=eksklusiivtooted&#038;lang=et\">vaata edasi&#8230;<\/a><\/h6>\n<\/td>\n<td style=\"text-align: right;\">\n<h6>\u00a0<a href=\"http:\/\/hansanova.com\/?product-type=seeriatooted&#038;lang=et\">vaata edasi&#8230;<\/a><\/h6>\n<\/td>\n<\/tr>\n<\/tbody>\n<\/table>\n<p><\/p>","protected":false},"excerpt":{"rendered":"<p>TOOTED Kunstilise v\u00e4\u00e4rtusega metallm\u00f6\u00f6bel. Klientidele, kes soovivad saada ainulaadseid, tunnetava kunstiv\u00e4\u00e4rtusega metalltooteid. Valmistatakse v\u00e4ikeseeriatena. Disainitud k\u00f5rge tarbimisv\u00e4\u00e4rtusega tooted, mis on viidud seeriatootmisse, kasutades eestimaiseid mass-tootjaid. vaata edasi&#8230; \u00a0vaata edasi&#8230;<\/p>\n","protected":false},"author":1,"featured_media":0,"parent":0,"menu_order":5,"comment_status":"closed","ping_status":"open","template":"","meta":{"ngg_post_thumbnail":0,"footnotes":""},"class_list":["post-81","page","type-page","status-publish","hentry"],"_links":{"self":[{"href":"https:\/\/hansanova.com\/et\/wp-json\/wp\/v2\/pages\/81","targetHints":{"allow":["GET"]}}],"collection":[{"href":"https:\/\/hansanova.com\/et\/wp-json\/wp\/v2\/pages"}],"about":[{"href":"https:\/\/hansanova.com\/et\/wp-json\/wp\/v2\/types\/page"}],"author":[{"embeddable":true,"href":"https:\/\/hansanova.com\/et\/wp-json\/wp\/v2\/users\/1"}],"replies":[{"embeddable":true,"href":"https:\/\/hansanova.com\/et\/wp-json\/wp\/v2\/comments?post=81"}],"version-history":[{"count":8,"href":"https:\/\/hansanova.com\/et\/wp-json\/wp\/v2\/pages\/81\/revisions"}],"predecessor-version":[{"id":1113,"href":"https:\/\/hansanova.com\/et\/wp-json\/wp\/v2\/pages\/81\/revisions\/1113"}],"wp:attachment":[{"href":"https:\/\/hansanova.com\/et\/wp-json\/wp\/v2\/media?parent=81"}],"curies":[{"name":"wp","href":"https:\/\/api.w.org\/{rel}","templated":true}]}}