{"id":857,"date":"2012-09-05T09:47:35","date_gmt":"2012-09-05T09:47:35","guid":{"rendered":"http:\/\/work.marketingsharks.ee\/hnsteel\/?page_id=857"},"modified":"2017-01-26T14:04:15","modified_gmt":"2017-01-26T14:04:15","slug":"kiek-in-de-kok","status":"publish","type":"page","link":"https:\/\/hansanova.com\/et\/teostatud-tood\/projektid\/kiek-in-de-kok\/","title":{"rendered":"Kiek in de K\u00f6k"},"content":{"rendered":"<p><\/p>\n<p style=\"text-align: justify;\">Tallinnas, Kiek in de K\u00f6k-i tornis ja maa-alustes bastionik\u00e4ikudes asuva ajaloomuuseumi ekspositsiooni v\u00e4ljat\u00f6\u00f6tamine ja valmistamine.Teostatud osad- relvapalat, 5.korrus, k\u00e4ikudesse viiva trepi valgustus, k\u00e4ikudes s\u00f5itev ajarong. Disaini autor Leonardo Meigas, teostuspartner Skoop O\u00dc, fotod Tiit Veerm\u00e4e<\/p>\n<p>ngg_shortcode_1_placeholder<\/p>","protected":false},"excerpt":{"rendered":"<p>Tallinnas, Kiek in de K\u00f6k-i tornis ja maa-alustes bastionik\u00e4ikudes asuva ajaloomuuseumi ekspositsiooni v\u00e4ljat\u00f6\u00f6tamine ja valmistamine.Teostatud osad- relvapalat, 5.korrus, k\u00e4ikudesse viiva trepi valgustus, k\u00e4ikudes s\u00f5itev ajarong. Disaini autor Leonardo Meigas, teostuspartner Skoop O\u00dc, fotod Tiit Veerm\u00e4e<\/p>\n","protected":false},"author":1,"featured_media":1739,"parent":144,"menu_order":37,"comment_status":"closed","ping_status":"open","template":"galerii.php","meta":{"ngg_post_thumbnail":0,"footnotes":""},"class_list":["post-857","page","type-page","status-publish","has-post-thumbnail","hentry"],"_links":{"self":[{"href":"https:\/\/hansanova.com\/et\/wp-json\/wp\/v2\/pages\/857","targetHints":{"allow":["GET"]}}],"collection":[{"href":"https:\/\/hansanova.com\/et\/wp-json\/wp\/v2\/pages"}],"about":[{"href":"https:\/\/hansanova.com\/et\/wp-json\/wp\/v2\/types\/page"}],"author":[{"embeddable":true,"href":"https:\/\/hansanova.com\/et\/wp-json\/wp\/v2\/users\/1"}],"replies":[{"embeddable":true,"href":"https:\/\/hansanova.com\/et\/wp-json\/wp\/v2\/comments?post=857"}],"version-history":[{"count":6,"href":"https:\/\/hansanova.com\/et\/wp-json\/wp\/v2\/pages\/857\/revisions"}],"predecessor-version":[{"id":1741,"href":"https:\/\/hansanova.com\/et\/wp-json\/wp\/v2\/pages\/857\/revisions\/1741"}],"up":[{"embeddable":true,"href":"https:\/\/hansanova.com\/et\/wp-json\/wp\/v2\/pages\/144"}],"wp:featuredmedia":[{"embeddable":true,"href":"https:\/\/hansanova.com\/et\/wp-json\/wp\/v2\/media\/1739"}],"wp:attachment":[{"href":"https:\/\/hansanova.com\/et\/wp-json\/wp\/v2\/media?parent=857"}],"curies":[{"name":"wp","href":"https:\/\/api.w.org\/{rel}","templated":true}]}}