{"id":864,"date":"2012-09-05T10:00:04","date_gmt":"2012-09-05T10:00:04","guid":{"rendered":"http:\/\/work.marketingsharks.ee\/hnsteel\/?page_id=864"},"modified":"2017-01-31T08:36:57","modified_gmt":"2017-01-31T08:36:57","slug":"lasva-torn","status":"publish","type":"page","link":"https:\/\/hansanova.com\/et\/teostatud-tood\/projektid\/lasva-torn\/","title":{"rendered":"Lasva torn"},"content":{"rendered":"<p><\/p>\n<p style=\"text-align: justify;\">V\u00f5rumaal asuva Lasva veetorni renoveerimine ning sise- objekti \u201eKlaver-trepp\u201cv\u00e4ljat\u00f6\u00f6tamine ning valmistamine.Idee-autorid: Veronika Valk,Kadri Klementi,Peeter Laurits; tehniline lahendus Karmo Kiivit; heli-lahendus Kalle Tikas.Objekt p\u00e4lvis Kultuurkapitali V\u00e4ikeobjekti preemia &nbsp;julge ja leidliku siseruumi lahenduse eest.<\/p>\n<p>ngg_shortcode_1_placeholder<\/p>","protected":false},"excerpt":{"rendered":"<p>V\u00f5rumaal asuva Lasva veetorni renoveerimine ning sise- objekti \u201eKlaver-trepp\u201cv\u00e4ljat\u00f6\u00f6tamine ning valmistamine.Idee-autorid: Veronika Valk,Kadri Klementi,Peeter Laurits; tehniline lahendus Karmo Kiivit; heli-lahendus Kalle Tikas.Objekt p\u00e4lvis Kultuurkapitali V\u00e4ikeobjekti preemia &nbsp;julge ja leidliku siseruumi lahenduse eest.<\/p>\n","protected":false},"author":1,"featured_media":1745,"parent":144,"menu_order":41,"comment_status":"closed","ping_status":"open","template":"galerii.php","meta":{"ngg_post_thumbnail":0,"footnotes":""},"class_list":["post-864","page","type-page","status-publish","has-post-thumbnail","hentry"],"_links":{"self":[{"href":"https:\/\/hansanova.com\/et\/wp-json\/wp\/v2\/pages\/864","targetHints":{"allow":["GET"]}}],"collection":[{"href":"https:\/\/hansanova.com\/et\/wp-json\/wp\/v2\/pages"}],"about":[{"href":"https:\/\/hansanova.com\/et\/wp-json\/wp\/v2\/types\/page"}],"author":[{"embeddable":true,"href":"https:\/\/hansanova.com\/et\/wp-json\/wp\/v2\/users\/1"}],"replies":[{"embeddable":true,"href":"https:\/\/hansanova.com\/et\/wp-json\/wp\/v2\/comments?post=864"}],"version-history":[{"count":5,"href":"https:\/\/hansanova.com\/et\/wp-json\/wp\/v2\/pages\/864\/revisions"}],"predecessor-version":[{"id":1747,"href":"https:\/\/hansanova.com\/et\/wp-json\/wp\/v2\/pages\/864\/revisions\/1747"}],"up":[{"embeddable":true,"href":"https:\/\/hansanova.com\/et\/wp-json\/wp\/v2\/pages\/144"}],"wp:featuredmedia":[{"embeddable":true,"href":"https:\/\/hansanova.com\/et\/wp-json\/wp\/v2\/media\/1745"}],"wp:attachment":[{"href":"https:\/\/hansanova.com\/et\/wp-json\/wp\/v2\/media?parent=864"}],"curies":[{"name":"wp","href":"https:\/\/api.w.org\/{rel}","templated":true}]}}