{"id":872,"date":"2012-09-05T10:03:16","date_gmt":"2012-09-05T10:03:16","guid":{"rendered":"http:\/\/work.marketingsharks.ee\/hnsteel\/?page_id=872"},"modified":"2017-01-26T14:07:31","modified_gmt":"2017-01-26T14:07:31","slug":"tallinna-teletorn","status":"publish","type":"page","link":"https:\/\/hansanova.com\/et\/teostatud-tood\/projektid\/tallinna-teletorn\/","title":{"rendered":"Tallinna Teletorn"},"content":{"rendered":"<p><\/p>\n<p style=\"text-align: justify;\">Tallinna Teletorni ekspositsiooni p\u00f5hielementide\u201cRobotseente\u201c mehhaanika v\u00e4ljat\u00f6\u00f6tamine ja valmistamine.Idee autorid : Andrus K\u00f5resaar, Liis Lindvere, Raili Paling, insener Ahti P\u00f5lder, tehnilised lahendused Karmo Kiivit, automaatika-elektroonika Kalle Tiisma ja Tehnolabor, vormilahendus Bruno Lillemets ja Kaiko Kivi.<\/p>\n<p style=\"text-align: justify;\">ngg_shortcode_1_placeholder<\/p>\n<p><\/p>","protected":false},"excerpt":{"rendered":"<p>Tallinna Teletorni ekspositsiooni p\u00f5hielementide\u201cRobotseente\u201c mehhaanika v\u00e4ljat\u00f6\u00f6tamine ja valmistamine.Idee autorid : Andrus K\u00f5resaar, Liis Lindvere, Raili Paling, insener Ahti P\u00f5lder, tehnilised lahendused Karmo Kiivit, automaatika-elektroonika Kalle Tiisma ja Tehnolabor, vormilahendus Bruno Lillemets ja Kaiko Kivi.<\/p>\n","protected":false},"author":1,"featured_media":1751,"parent":144,"menu_order":43,"comment_status":"closed","ping_status":"open","template":"galerii.php","meta":{"ngg_post_thumbnail":0,"footnotes":""},"class_list":["post-872","page","type-page","status-publish","has-post-thumbnail","hentry"],"_links":{"self":[{"href":"https:\/\/hansanova.com\/et\/wp-json\/wp\/v2\/pages\/872","targetHints":{"allow":["GET"]}}],"collection":[{"href":"https:\/\/hansanova.com\/et\/wp-json\/wp\/v2\/pages"}],"about":[{"href":"https:\/\/hansanova.com\/et\/wp-json\/wp\/v2\/types\/page"}],"author":[{"embeddable":true,"href":"https:\/\/hansanova.com\/et\/wp-json\/wp\/v2\/users\/1"}],"replies":[{"embeddable":true,"href":"https:\/\/hansanova.com\/et\/wp-json\/wp\/v2\/comments?post=872"}],"version-history":[{"count":3,"href":"https:\/\/hansanova.com\/et\/wp-json\/wp\/v2\/pages\/872\/revisions"}],"predecessor-version":[{"id":1753,"href":"https:\/\/hansanova.com\/et\/wp-json\/wp\/v2\/pages\/872\/revisions\/1753"}],"up":[{"embeddable":true,"href":"https:\/\/hansanova.com\/et\/wp-json\/wp\/v2\/pages\/144"}],"wp:featuredmedia":[{"embeddable":true,"href":"https:\/\/hansanova.com\/et\/wp-json\/wp\/v2\/media\/1751"}],"wp:attachment":[{"href":"https:\/\/hansanova.com\/et\/wp-json\/wp\/v2\/media?parent=872"}],"curies":[{"name":"wp","href":"https:\/\/api.w.org\/{rel}","templated":true}]}}